{"id":6,"date":"2021-07-23T22:08:18","date_gmt":"2021-07-23T20:08:18","guid":{"rendered":"https:\/\/jitsi.laslan\/?page_id=6"},"modified":"2021-10-27T12:54:16","modified_gmt":"2021-10-27T10:54:16","slug":"corralejo-buchungen","status":"publish","type":"page","link":"https:\/\/slars.firewall-gateway.com\/","title":{"rendered":"La Caba\u00f1a Buchungen"},"content":{"rendered":"\n<figure class=\"wp-block-image size-large\"><img decoding=\"async\" src=\"https:\/\/slars.firewall-gateway.com\/wp-content\/uploads\/2021\/07\/La-Caba\u00f1a01-1024x846.jpg\" alt=\"\" class=\"wp-image-39\"\/><\/figure>\n\n\n\n<p>35660 Corralejo, Calle Nuestra Se\u00f1ora del Pino 14<\/p>\n\n\n\n<div class=\"wp-block-abc-shortcodes-calendar-overview\"><!-- Begin Advanced Booking Calendar WordPress plugin: https:\/\/www.booking-calendar-plugin.com -->\n\t\t<div class=\"abc-box abc-calendar-overview\" id=\"abc-calendaroverview-69df71994560b\">\n\t\t\t\t<div class=\"abc-calendar-overview\">\n\t\t\t\t<table>\n\t\t\t\t<thead>\n\t\t\t\t\t<tr>\n\t\t\t\t\t\t<th class=\"abcDateSelector\">\n\t\t\t\t\t\t\t<button data-id=\"69df71994560b\" data-year=\"2026\" data-month=\"3\" class=\"fa fa-chevron-left abc-button-rl abc-overview-button-left abc-overview-button\"><\/button>\n\t\t\t\t\t\t\t<button data-id=\"69df71994560b\" data-year=\"2026\" data-month=\"5\" class=\"fa fa-chevron-right abc-button-rl abc-overview-button-right abc-overview-button\"><\/button>\n\t\t\t\t\t\t\n\t\t\t\t\t\t<div class=\"abcDateForm\">\n\t\t\t\t\t\t\t<select data-id=\"69df71994560b\" class=\"abcMonthSelector\" name=\"abcMonth\" size=\"1\"><option value=\"1\">Jan.<\/option><option value=\"2\">Feb.<\/option><option value=\"3\">M\u00e4rz<\/option><option value=\"4\" selected>Apr.<\/option><option value=\"5\">Mai<\/option><option value=\"6\">Juni<\/option><option value=\"7\">Juli<\/option><option value=\"8\">Aug.<\/option><option value=\"9\">Sep.<\/option><option value=\"10\">Okt.<\/option><option value=\"11\">Nov.<\/option><option value=\"12\">Dez.<\/option>\t\t\t\t\t\t\t<\/select>\n\t\t\t\t\t\t\t\t<select data-id=\"69df71994560b\" class=\"abcYearSelector\" name=\"abcYear\" size=\"1\"><li><option value=\"2024\">2024<\/option><li><option value=\"2025\">2025<\/option><li><option value=\"2026\" selected>2026<\/option><li><option value=\"2027\">2027<\/option><li><option value=\"2028\">2028<\/option>\t\t\t\t\t\t<\/select>\n\t\t\t\t\t\t<\/div><\/th><th colspan=\"2\" class=\"abcCellBorderBottom abcCellBorderLeft abcDayNumber\">\n\t\t\t\t\t<span class=\"abcDayName\">Mi.<\/span><br\/>\n\t\t\t\t\t1<br\/><\/th><th colspan=\"2\" class=\"abcCellBorderBottom abcCellBorderLeft abcDayNumber\">\n\t\t\t\t\t<span class=\"abcDayName\">Do.<\/span><br\/>\n\t\t\t\t\t2<br\/><\/th><th colspan=\"2\" class=\"abcCellBorderBottom abcCellBorderLeft abcDayNumber\">\n\t\t\t\t\t<span class=\"abcDayName\">Fr.<\/span><br\/>\n\t\t\t\t\t3<br\/><\/th><th colspan=\"2\" class=\"abcCellBorderBottom abcCellBorderLeft abcDayNumber abcDayWeekend\">\n\t\t\t\t\t<span class=\"abcDayName\">Sa.<\/span><br\/>\n\t\t\t\t\t4<br\/><\/th><th colspan=\"2\" class=\"abcCellBorderBottom abcCellBorderLeft abcDayNumber abcDayWeekend\">\n\t\t\t\t\t<span class=\"abcDayName\">So.<\/span><br\/>\n\t\t\t\t\t5<br\/><\/th><th colspan=\"2\" class=\"abcCellBorderBottom abcCellBorderLeft abcDayNumber\">\n\t\t\t\t\t<span class=\"abcDayName\">Mo.<\/span><br\/>\n\t\t\t\t\t6<br\/><\/th><th colspan=\"2\" class=\"abcCellBorderBottom abcCellBorderLeft abcDayNumber\">\n\t\t\t\t\t<span class=\"abcDayName\">Di.<\/span><br\/>\n\t\t\t\t\t7<br\/><\/th><th colspan=\"2\" class=\"abcCellBorderBottom abcCellBorderLeft abcDayNumber\">\n\t\t\t\t\t<span class=\"abcDayName\">Mi.<\/span><br\/>\n\t\t\t\t\t8<br\/><\/th><th colspan=\"2\" class=\"abcCellBorderBottom abcCellBorderLeft abcDayNumber\">\n\t\t\t\t\t<span class=\"abcDayName\">Do.<\/span><br\/>\n\t\t\t\t\t9<br\/><\/th><th colspan=\"2\" class=\"abcCellBorderBottom abcCellBorderLeft abcDayNumber\">\n\t\t\t\t\t<span class=\"abcDayName\">Fr.<\/span><br\/>\n\t\t\t\t\t10<br\/><\/th><th colspan=\"2\" class=\"abcCellBorderBottom abcCellBorderLeft abcDayNumber abcDayWeekend\">\n\t\t\t\t\t<span class=\"abcDayName\">Sa.<\/span><br\/>\n\t\t\t\t\t11<br\/><\/th><th colspan=\"2\" class=\"abcCellBorderBottom abcCellBorderLeft abcDayNumber abcDayWeekend\">\n\t\t\t\t\t<span class=\"abcDayName\">So.<\/span><br\/>\n\t\t\t\t\t12<br\/><\/th><th colspan=\"2\" class=\"abcCellBorderBottom abcCellBorderLeft abcDayNumber\">\n\t\t\t\t\t<span class=\"abcDayName\">Mo.<\/span><br\/>\n\t\t\t\t\t13<br\/><\/th><th colspan=\"2\" class=\"abcCellBorderBottom abcCellBorderLeft abcDayNumber\">\n\t\t\t\t\t<span class=\"abcDayName\">Di.<\/span><br\/>\n\t\t\t\t\t14<br\/><\/th><th colspan=\"2\" class=\"abcCellBorderBottom abcCellBorderLeft abcDayNumber\">\n\t\t\t\t\t<span class=\"abcDayName\">Mi.<\/span><br\/>\n\t\t\t\t\t15<br\/><\/th><th colspan=\"2\" class=\"abcCellBorderBottom abcCellBorderLeft abcDayNumber\">\n\t\t\t\t\t<span class=\"abcDayName\">Do.<\/span><br\/>\n\t\t\t\t\t16<br\/><\/th><th colspan=\"2\" class=\"abcCellBorderBottom abcCellBorderLeft abcDayNumber\">\n\t\t\t\t\t<span class=\"abcDayName\">Fr.<\/span><br\/>\n\t\t\t\t\t17<br\/><\/th><th colspan=\"2\" class=\"abcCellBorderBottom abcCellBorderLeft abcDayNumber abcDayWeekend\">\n\t\t\t\t\t<span class=\"abcDayName\">Sa.<\/span><br\/>\n\t\t\t\t\t18<br\/><\/th><th colspan=\"2\" class=\"abcCellBorderBottom abcCellBorderLeft abcDayNumber abcDayWeekend\">\n\t\t\t\t\t<span class=\"abcDayName\">So.<\/span><br\/>\n\t\t\t\t\t19<br\/><\/th><th colspan=\"2\" class=\"abcCellBorderBottom abcCellBorderLeft abcDayNumber\">\n\t\t\t\t\t<span class=\"abcDayName\">Mo.<\/span><br\/>\n\t\t\t\t\t20<br\/><\/th><th colspan=\"2\" class=\"abcCellBorderBottom abcCellBorderLeft abcDayNumber\">\n\t\t\t\t\t<span class=\"abcDayName\">Di.<\/span><br\/>\n\t\t\t\t\t21<br\/><\/th><th colspan=\"2\" class=\"abcCellBorderBottom abcCellBorderLeft abcDayNumber\">\n\t\t\t\t\t<span class=\"abcDayName\">Mi.<\/span><br\/>\n\t\t\t\t\t22<br\/><\/th><th colspan=\"2\" class=\"abcCellBorderBottom abcCellBorderLeft abcDayNumber\">\n\t\t\t\t\t<span class=\"abcDayName\">Do.<\/span><br\/>\n\t\t\t\t\t23<br\/><\/th><th colspan=\"2\" class=\"abcCellBorderBottom abcCellBorderLeft abcDayNumber\">\n\t\t\t\t\t<span class=\"abcDayName\">Fr.<\/span><br\/>\n\t\t\t\t\t24<br\/><\/th><th colspan=\"2\" class=\"abcCellBorderBottom abcCellBorderLeft abcDayNumber abcDayWeekend\">\n\t\t\t\t\t<span class=\"abcDayName\">Sa.<\/span><br\/>\n\t\t\t\t\t25<br\/><\/th><th colspan=\"2\" class=\"abcCellBorderBottom abcCellBorderLeft abcDayNumber abcDayWeekend\">\n\t\t\t\t\t<span class=\"abcDayName\">So.<\/span><br\/>\n\t\t\t\t\t26<br\/><\/th><th colspan=\"2\" class=\"abcCellBorderBottom abcCellBorderLeft abcDayNumber\">\n\t\t\t\t\t<span class=\"abcDayName\">Mo.<\/span><br\/>\n\t\t\t\t\t27<br\/><\/th><th colspan=\"2\" class=\"abcCellBorderBottom abcCellBorderLeft abcDayNumber\">\n\t\t\t\t\t<span class=\"abcDayName\">Di.<\/span><br\/>\n\t\t\t\t\t28<br\/><\/th><th colspan=\"2\" class=\"abcCellBorderBottom abcCellBorderLeft abcDayNumber\">\n\t\t\t\t\t<span class=\"abcDayName\">Mi.<\/span><br\/>\n\t\t\t\t\t29<br\/><\/th><th colspan=\"2\" class=\"abcCellBorderBottom abcCellBorderLeft abcDayNumber\">\n\t\t\t\t\t<span class=\"abcDayName\">Do.<\/span><br\/>\n\t\t\t\t\t30<br\/><\/th>\t\t<\/tr>\n\t\t\t\t<\/thead>\n\t\t\t\t<tbody><tr>\n\t\t\t\t\t<td data-uk-tooltip=\"{pos:'right'}\" title=\"Das Appartment befindet sich im Erdgeschoss und verf\u00fcgt \u00fcber ein Schlafzimmer und einem offenen Wohn- und K\u00fcchenbereich sowie einem Duschbad. Die Terrasse liegt in einem Innenhof.\" class=\"abcCalendarName\"><a href=\"https:\/\/slars.firewall-gateway.com\/?page_id=16\">Appartment B1<\/a><\/td><td class=\" abcDayBooked abcCellBorderLeft\" title=\"Ausgebucht\">&nbsp;<\/td><td class=\" abcDayBooked\" title=\"Ausgebucht\">&nbsp;<\/td><td class=\" abcDayBooked abcCellBorderLeft\" title=\"Ausgebucht\">&nbsp;<\/td><td class=\" abcDayBooked\" title=\"Ausgebucht\">&nbsp;<\/td><td class=\" abcDayBooked abcCellBorderLeft\" title=\"Ausgebucht\">&nbsp;<\/td><td class=\" abcDayBooked\" title=\"Ausgebucht\">&nbsp;<\/td><td class=\" abcDayBooked abcCellBorderLeft\" title=\"Ausgebucht\">&nbsp;<\/td><td class=\" abcDayBooked\" title=\"Ausgebucht\">&nbsp;<\/td><td class=\" abcDayBooked abcCellBorderLeft\" title=\"Ausgebucht\">&nbsp;<\/td><td class=\" abcDayBooked\" title=\"Ausgebucht\">&nbsp;<\/td><td class=\" abcDayBooked abcCellBorderLeft\" title=\"Ausgebucht\">&nbsp;<\/td><td class=\" abcDayBooked\" title=\"Ausgebucht\">&nbsp;<\/td><td class=\" abcDayBooked abcCellBorderLeft\" title=\"Ausgebucht\">&nbsp;<\/td><td class=\" abcDayBooked\" title=\"Ausgebucht\">&nbsp;<\/td><td class=\" abcDayBooked abcCellBorderLeft\" title=\"Ausgebucht\">&nbsp;<\/td><td class=\" abcDayBooked\" title=\"Ausgebucht\">&nbsp;<\/td><td class=\" abcDayBooked abcCellBorderLeft\" title=\"Ausgebucht\">&nbsp;<\/td><td class=\" abcDayBooked\" title=\"Ausgebucht\">&nbsp;<\/td><td class=\" abcDayBooked abcCellBorderLeft\" title=\"Ausgebucht\">&nbsp;<\/td><td class=\" abcDayBooked\" title=\"Ausgebucht\">&nbsp;<\/td><td class=\" abcDayBooked abcCellBorderLeft\" title=\"Ausgebucht\">&nbsp;<\/td><td class=\" abcDayBooked\" title=\"Ausgebucht\">&nbsp;<\/td><td class=\" abcDayBooked abcCellBorderLeft\" title=\"Ausgebucht\">&nbsp;<\/td><td class=\" abcDayBooked\" title=\"Ausgebucht\">&nbsp;<\/td><td class=\" abcDayBooked abcCellBorderLeft\" title=\"Ausgebucht\">&nbsp;<\/td><td class=\" abcDayBooked\" title=\"Ausgebucht\">&nbsp;<\/td><td class=\" abcDayBooked abcCellBorderLeft\" title=\"Ausgebucht\">&nbsp;<\/td><td class=\" abcDayBooked\" title=\"Ausgebucht\">&nbsp;<\/td><td class=\" abcDayBooked abcCellBorderLeft\" title=\"Ausgebucht\">&nbsp;<\/td><td class=\" abcDayBooked\" title=\"Ausgebucht\">&nbsp;<\/td><td class=\" abcDayBooked abcCellBorderLeft\" title=\"Ausgebucht\">&nbsp;<\/td><td class=\" abcDayBooked\" title=\"Ausgebucht\">&nbsp;<\/td><td class=\" abcDayBooked abcCellBorderLeft\" title=\"Ausgebucht\">&nbsp;<\/td><td class=\" abcDayBooked\" title=\"Ausgebucht\">&nbsp;<\/td><td class=\" abcDayBooked abcCellBorderLeft\" title=\"Ausgebucht\">&nbsp;<\/td><td class=\" abcDayBooked\" title=\"Ausgebucht\">&nbsp;<\/td><td class=\" abcDayBooked abcCellBorderLeft\" title=\"Ausgebucht\">&nbsp;<\/td><td class=\" abcDayBooked\" title=\"Ausgebucht\">&nbsp;<\/td><td class=\" abcDayBooked abcCellBorderLeft\" title=\"Ausgebucht\">&nbsp;<\/td><td class=\" abcDayBooked\" title=\"Ausgebucht\">&nbsp;<\/td><td class=\" abcDayBooked abcCellBorderLeft\" title=\"Ausgebucht\">&nbsp;<\/td><td class=\" abcDayBooked\" title=\"Ausgebucht\">&nbsp;<\/td><td class=\" abcDayBooked abcCellBorderLeft\" title=\"Ausgebucht\">&nbsp;<\/td><td class=\" abcDayBooked\" title=\"Ausgebucht\">&nbsp;<\/td><td class=\" abcDayBooked abcCellBorderLeft\" title=\"Ausgebucht\">&nbsp;<\/td><td class=\" abcDayBooked\" title=\"Ausgebucht\">&nbsp;<\/td><td class=\" abcDayBooked abcCellBorderLeft\" title=\"Ausgebucht\">&nbsp;<\/td><td class=\" abcDayBooked\" title=\"Ausgebucht\">&nbsp;<\/td><td class=\" abcDayBooked abcCellBorderLeft\" title=\"Ausgebucht\">&nbsp;<\/td><td class=\" abcDayBooked\" title=\"Ausgebucht\">&nbsp;<\/td><td class=\" abcDayBooked abcCellBorderLeft\" title=\"Ausgebucht\">&nbsp;<\/td><td class=\" abcDayBooked\" title=\"Ausgebucht\">&nbsp;<\/td><td class=\" abcDayBooked abcCellBorderLeft\" title=\"Ausgebucht\">&nbsp;<\/td><td class=\" abcDayBooked\" title=\"Ausgebucht\">&nbsp;<\/td><td class=\" abcDayBooked abcCellBorderLeft\" title=\"Ausgebucht\">&nbsp;<\/td><td class=\" abcDayBooked\" title=\"Ausgebucht\">&nbsp;<\/td><td class=\" abcDayBooked abcCellBorderLeft\" title=\"Ausgebucht\">&nbsp;<\/td><td class=\" abcDayAvail\" title=\"Verf\u00fcgbar\">&nbsp;<\/td><td class=\" abcDayAvail abcCellBorderLeft\" title=\"Verf\u00fcgbar\">&nbsp;<\/td><td class=\" abcDayAvail\" title=\"Verf\u00fcgbar\">&nbsp;<\/td><\/tr><tr>\n\t\t\t\t\t<td data-uk-tooltip=\"{pos:'right'}\" title=\"Das Studio liegt im EG und verf\u00fcgt \u00fcber einen gro\u00dfen Raum mit einem Doppelbett, einem Wohn- und K\u00fcchenbereich sowie \u00fcber ein seperates Duschbad. Die gro\u00dfe Terrasse liegt zum Innenhof.\" class=\"abcCalendarName\"><a href=\"https:\/\/slars.firewall-gateway.com\/?page_id=29\">Appartment B2<\/a><\/td><td class=\" abcDayBooked abcCellBorderLeft\" title=\"Ausgebucht\">&nbsp;<\/td><td class=\" abcDayBooked\" title=\"Ausgebucht\">&nbsp;<\/td><td class=\" abcDayBooked abcCellBorderLeft\" title=\"Ausgebucht\">&nbsp;<\/td><td class=\" abcDayBooked\" title=\"Ausgebucht\">&nbsp;<\/td><td class=\" abcDayBooked abcCellBorderLeft\" title=\"Ausgebucht\">&nbsp;<\/td><td class=\" abcDayBooked\" title=\"Ausgebucht\">&nbsp;<\/td><td class=\" abcDayBooked abcCellBorderLeft\" title=\"Ausgebucht\">&nbsp;<\/td><td class=\" abcDayBooked\" title=\"Ausgebucht\">&nbsp;<\/td><td class=\" abcDayBooked abcCellBorderLeft\" title=\"Ausgebucht\">&nbsp;<\/td><td class=\" abcDayBooked\" title=\"Ausgebucht\">&nbsp;<\/td><td class=\" abcDayBooked abcCellBorderLeft\" title=\"Ausgebucht\">&nbsp;<\/td><td class=\" abcDayBooked\" title=\"Ausgebucht\">&nbsp;<\/td><td class=\" abcDayBooked abcCellBorderLeft\" title=\"Ausgebucht\">&nbsp;<\/td><td class=\" abcDayBooked\" title=\"Ausgebucht\">&nbsp;<\/td><td class=\" abcDayBooked abcCellBorderLeft\" title=\"Ausgebucht\">&nbsp;<\/td><td class=\" abcDayBooked\" title=\"Ausgebucht\">&nbsp;<\/td><td class=\" abcDayBooked abcCellBorderLeft\" title=\"Ausgebucht\">&nbsp;<\/td><td class=\" abcDayBooked\" title=\"Ausgebucht\">&nbsp;<\/td><td class=\" abcDayBooked abcCellBorderLeft\" title=\"Ausgebucht\">&nbsp;<\/td><td class=\" abcDayBooked\" title=\"Ausgebucht\">&nbsp;<\/td><td class=\" abcDayBooked abcCellBorderLeft\" title=\"Ausgebucht\">&nbsp;<\/td><td class=\" abcDayBooked\" title=\"Ausgebucht\">&nbsp;<\/td><td class=\" abcDayBooked abcCellBorderLeft\" title=\"Ausgebucht\">&nbsp;<\/td><td class=\" abcDayBooked\" title=\"Ausgebucht\">&nbsp;<\/td><td class=\" abcDayBooked abcCellBorderLeft\" title=\"Ausgebucht\">&nbsp;<\/td><td class=\" abcDayBooked\" title=\"Ausgebucht\">&nbsp;<\/td><td class=\" abcDayBooked abcCellBorderLeft\" title=\"Ausgebucht\">&nbsp;<\/td><td class=\" abcDayAvail\" title=\"Verf\u00fcgbar\">&nbsp;<\/td><td class=\" abcDayAvail abcCellBorderLeft\" title=\"Verf\u00fcgbar\">&nbsp;<\/td><td class=\" abcDayBooked\" title=\"Ausgebucht\">&nbsp;<\/td><td class=\" abcDayBooked abcCellBorderLeft\" title=\"Ausgebucht\">&nbsp;<\/td><td class=\" abcDayBooked\" title=\"Ausgebucht\">&nbsp;<\/td><td class=\" abcDayBooked abcCellBorderLeft\" title=\"Ausgebucht\">&nbsp;<\/td><td class=\" abcDayBooked\" title=\"Ausgebucht\">&nbsp;<\/td><td class=\" abcDayBooked abcCellBorderLeft\" title=\"Ausgebucht\">&nbsp;<\/td><td class=\" abcDayBooked\" title=\"Ausgebucht\">&nbsp;<\/td><td class=\" abcDayBooked abcCellBorderLeft\" title=\"Ausgebucht\">&nbsp;<\/td><td class=\" abcDayBooked\" title=\"Ausgebucht\">&nbsp;<\/td><td class=\" abcDayBooked abcCellBorderLeft\" title=\"Ausgebucht\">&nbsp;<\/td><td class=\" abcDayBooked\" title=\"Ausgebucht\">&nbsp;<\/td><td class=\" abcDayBooked abcCellBorderLeft\" title=\"Ausgebucht\">&nbsp;<\/td><td class=\" abcDayBooked\" title=\"Ausgebucht\">&nbsp;<\/td><td class=\" abcDayBooked abcCellBorderLeft\" title=\"Ausgebucht\">&nbsp;<\/td><td class=\" abcDayBooked\" title=\"Ausgebucht\">&nbsp;<\/td><td class=\" abcDayBooked abcCellBorderLeft\" title=\"Ausgebucht\">&nbsp;<\/td><td class=\" abcDayBooked\" title=\"Ausgebucht\">&nbsp;<\/td><td class=\" abcDayBooked abcCellBorderLeft\" title=\"Ausgebucht\">&nbsp;<\/td><td class=\" abcDayBooked\" title=\"Ausgebucht\">&nbsp;<\/td><td class=\" abcDayBooked abcCellBorderLeft\" title=\"Ausgebucht\">&nbsp;<\/td><td class=\" abcDayBooked\" title=\"Ausgebucht\">&nbsp;<\/td><td class=\" abcDayBooked abcCellBorderLeft\" title=\"Ausgebucht\">&nbsp;<\/td><td class=\" abcDayBooked\" title=\"Ausgebucht\">&nbsp;<\/td><td class=\" abcDayBooked abcCellBorderLeft\" title=\"Ausgebucht\">&nbsp;<\/td><td class=\" abcDayBooked\" title=\"Ausgebucht\">&nbsp;<\/td><td class=\" abcDayBooked abcCellBorderLeft\" title=\"Ausgebucht\">&nbsp;<\/td><td class=\" abcDayBooked\" title=\"Ausgebucht\">&nbsp;<\/td><td class=\" abcDayBooked abcCellBorderLeft\" title=\"Ausgebucht\">&nbsp;<\/td><td class=\" abcDayBooked\" title=\"Ausgebucht\">&nbsp;<\/td><td class=\" abcDayBooked abcCellBorderLeft\" title=\"Ausgebucht\">&nbsp;<\/td><td class=\" abcDayBooked\" title=\"Ausgebucht\">&nbsp;<\/td><\/tr><tr>\n\t\t\t\t\t<td data-uk-tooltip=\"{pos:'right'}\" title=\"Das Appartment befindet sich im 1. OG und verf\u00fcgt \u00fcber ein Schlafzimmer mit einem offenen Wohn- und K\u00fcchenbereich sowie einem Duschbad. Der Balkon ist auf der Nordseite.\" class=\"abcCalendarName\"><a href=\"https:\/\/slars.firewall-gateway.com\/?page_id=27\">Appartment P1<\/a><\/td><td class=\" abcDayBooked abcCellBorderLeft\" title=\"Ausgebucht\">&nbsp;<\/td><td class=\" abcDayBooked\" title=\"Ausgebucht\">&nbsp;<\/td><td class=\" abcDayBooked abcCellBorderLeft\" title=\"Ausgebucht\">&nbsp;<\/td><td class=\" abcDayBooked\" title=\"Ausgebucht\">&nbsp;<\/td><td class=\" abcDayBooked abcCellBorderLeft\" title=\"Ausgebucht\">&nbsp;<\/td><td class=\" abcDayBooked\" title=\"Ausgebucht\">&nbsp;<\/td><td class=\" abcDayBooked abcCellBorderLeft\" title=\"Ausgebucht\">&nbsp;<\/td><td class=\" abcDayBooked\" title=\"Ausgebucht\">&nbsp;<\/td><td class=\" abcDayBooked abcCellBorderLeft\" title=\"Ausgebucht\">&nbsp;<\/td><td class=\" abcDayBooked\" title=\"Ausgebucht\">&nbsp;<\/td><td class=\" abcDayBooked abcCellBorderLeft\" title=\"Ausgebucht\">&nbsp;<\/td><td class=\" abcDayBooked\" title=\"Ausgebucht\">&nbsp;<\/td><td class=\" abcDayBooked abcCellBorderLeft\" title=\"Ausgebucht\">&nbsp;<\/td><td class=\" abcDayBooked\" title=\"Ausgebucht\">&nbsp;<\/td><td class=\" abcDayBooked abcCellBorderLeft\" title=\"Ausgebucht\">&nbsp;<\/td><td class=\" abcDayBooked\" title=\"Ausgebucht\">&nbsp;<\/td><td class=\" abcDayBooked abcCellBorderLeft\" title=\"Ausgebucht\">&nbsp;<\/td><td class=\" abcDayBooked\" title=\"Ausgebucht\">&nbsp;<\/td><td class=\" abcDayBooked abcCellBorderLeft\" title=\"Ausgebucht\">&nbsp;<\/td><td class=\" abcDayBooked\" title=\"Ausgebucht\">&nbsp;<\/td><td class=\" abcDayBooked abcCellBorderLeft\" title=\"Ausgebucht\">&nbsp;<\/td><td class=\" abcDayBooked\" title=\"Ausgebucht\">&nbsp;<\/td><td class=\" abcDayBooked abcCellBorderLeft\" title=\"Ausgebucht\">&nbsp;<\/td><td class=\" abcDayBooked\" title=\"Ausgebucht\">&nbsp;<\/td><td class=\" abcDayBooked abcCellBorderLeft\" title=\"Ausgebucht\">&nbsp;<\/td><td class=\" abcDayBooked\" title=\"Ausgebucht\">&nbsp;<\/td><td class=\" abcDayBooked abcCellBorderLeft\" title=\"Ausgebucht\">&nbsp;<\/td><td class=\" abcDayAvail\" title=\"Verf\u00fcgbar\">&nbsp;<\/td><td class=\" abcDayAvail abcCellBorderLeft\" title=\"Verf\u00fcgbar\">&nbsp;<\/td><td class=\" abcDayAvail\" title=\"Verf\u00fcgbar\">&nbsp;<\/td><td class=\" abcDayAvail abcCellBorderLeft\" title=\"Verf\u00fcgbar\">&nbsp;<\/td><td class=\" abcDayAvail\" title=\"Verf\u00fcgbar\">&nbsp;<\/td><td class=\" abcDayAvail abcCellBorderLeft\" title=\"Verf\u00fcgbar\">&nbsp;<\/td><td class=\" abcDayBooked\" title=\"Ausgebucht\">&nbsp;<\/td><td class=\" abcDayBooked abcCellBorderLeft\" title=\"Ausgebucht\">&nbsp;<\/td><td class=\" abcDayBooked\" title=\"Ausgebucht\">&nbsp;<\/td><td class=\" abcDayBooked abcCellBorderLeft\" title=\"Ausgebucht\">&nbsp;<\/td><td class=\" abcDayBooked\" title=\"Ausgebucht\">&nbsp;<\/td><td class=\" abcDayBooked abcCellBorderLeft\" title=\"Ausgebucht\">&nbsp;<\/td><td class=\" abcDayBooked\" title=\"Ausgebucht\">&nbsp;<\/td><td class=\" abcDayBooked abcCellBorderLeft\" title=\"Ausgebucht\">&nbsp;<\/td><td class=\" abcDayBooked\" title=\"Ausgebucht\">&nbsp;<\/td><td class=\" abcDayBooked abcCellBorderLeft\" title=\"Ausgebucht\">&nbsp;<\/td><td class=\" abcDayBooked\" title=\"Ausgebucht\">&nbsp;<\/td><td class=\" abcDayBooked abcCellBorderLeft\" title=\"Ausgebucht\">&nbsp;<\/td><td class=\" abcDayBooked\" title=\"Ausgebucht\">&nbsp;<\/td><td class=\" abcDayBooked abcCellBorderLeft\" title=\"Ausgebucht\">&nbsp;<\/td><td class=\" abcDayAvail\" title=\"Verf\u00fcgbar\">&nbsp;<\/td><td class=\" abcDayAvail abcCellBorderLeft\" title=\"Verf\u00fcgbar\">&nbsp;<\/td><td class=\" abcDayAvail\" title=\"Verf\u00fcgbar\">&nbsp;<\/td><td class=\" abcDayAvail abcCellBorderLeft\" title=\"Verf\u00fcgbar\">&nbsp;<\/td><td class=\" abcDayAvail\" title=\"Verf\u00fcgbar\">&nbsp;<\/td><td class=\" abcDayAvail abcCellBorderLeft\" title=\"Verf\u00fcgbar\">&nbsp;<\/td><td class=\" abcDayAvail\" title=\"Verf\u00fcgbar\">&nbsp;<\/td><td class=\" abcDayAvail abcCellBorderLeft\" title=\"Verf\u00fcgbar\">&nbsp;<\/td><td class=\" abcDayAvail\" title=\"Verf\u00fcgbar\">&nbsp;<\/td><td class=\" abcDayAvail abcCellBorderLeft\" title=\"Verf\u00fcgbar\">&nbsp;<\/td><td class=\" abcDayAvail\" title=\"Verf\u00fcgbar\">&nbsp;<\/td><td class=\" abcDayAvail abcCellBorderLeft\" title=\"Verf\u00fcgbar\">&nbsp;<\/td><td class=\" abcDayAvail\" title=\"Verf\u00fcgbar\">&nbsp;<\/td><\/tr><tr>\n\t\t\t\t\t<td data-uk-tooltip=\"{pos:'right'}\" title=\"Das Appartment im 1. Obergeschoss verf\u00fcgt \u00fcber 2 Schlafzimmer (2 Einzelbetten\/ 1 Doppelbett), einem gro\u00dfz\u00fcgigen Wohn-und K\u00fcchenbereich sowie einem Duschbad. Der Balkon befindet sich auf der Nordseite.\" class=\"abcCalendarName\"><a href=\"https:\/\/slars.firewall-gateway.com\/?page_id=32\">Appartment P3<\/a><\/td><td class=\" abcDayAvail abcCellBorderLeft\" title=\"Verf\u00fcgbar\">&nbsp;<\/td><td class=\" abcDayAvail\" title=\"Verf\u00fcgbar\">&nbsp;<\/td><td class=\" abcDayAvail abcCellBorderLeft\" title=\"Verf\u00fcgbar\">&nbsp;<\/td><td class=\" abcDayAvail\" title=\"Verf\u00fcgbar\">&nbsp;<\/td><td class=\" abcDayAvail abcCellBorderLeft\" title=\"Verf\u00fcgbar\">&nbsp;<\/td><td class=\" abcDayAvail\" title=\"Verf\u00fcgbar\">&nbsp;<\/td><td class=\" abcDayAvail abcCellBorderLeft\" title=\"Verf\u00fcgbar\">&nbsp;<\/td><td class=\" abcDayAvail\" title=\"Verf\u00fcgbar\">&nbsp;<\/td><td class=\" abcDayAvail abcCellBorderLeft\" title=\"Verf\u00fcgbar\">&nbsp;<\/td><td class=\" abcDayAvail\" title=\"Verf\u00fcgbar\">&nbsp;<\/td><td class=\" abcDayAvail abcCellBorderLeft\" title=\"Verf\u00fcgbar\">&nbsp;<\/td><td class=\" abcDayAvail\" title=\"Verf\u00fcgbar\">&nbsp;<\/td><td class=\" abcDayAvail abcCellBorderLeft\" title=\"Verf\u00fcgbar\">&nbsp;<\/td><td class=\" abcDayAvail\" title=\"Verf\u00fcgbar\">&nbsp;<\/td><td class=\" abcDayAvail abcCellBorderLeft\" title=\"Verf\u00fcgbar\">&nbsp;<\/td><td class=\" abcDayAvail\" title=\"Verf\u00fcgbar\">&nbsp;<\/td><td class=\" abcDayAvail abcCellBorderLeft\" title=\"Verf\u00fcgbar\">&nbsp;<\/td><td class=\" abcDayAvail\" title=\"Verf\u00fcgbar\">&nbsp;<\/td><td class=\" abcDayAvail abcCellBorderLeft\" title=\"Verf\u00fcgbar\">&nbsp;<\/td><td class=\" abcDayAvail\" title=\"Verf\u00fcgbar\">&nbsp;<\/td><td class=\" abcDayAvail abcCellBorderLeft\" title=\"Verf\u00fcgbar\">&nbsp;<\/td><td class=\" abcDayAvail\" title=\"Verf\u00fcgbar\">&nbsp;<\/td><td class=\" abcDayAvail abcCellBorderLeft\" title=\"Verf\u00fcgbar\">&nbsp;<\/td><td class=\" abcDayAvail\" title=\"Verf\u00fcgbar\">&nbsp;<\/td><td class=\" abcDayAvail abcCellBorderLeft\" title=\"Verf\u00fcgbar\">&nbsp;<\/td><td class=\" abcDayBooked\" title=\"Ausgebucht\">&nbsp;<\/td><td class=\" abcDayBooked abcCellBorderLeft\" title=\"Ausgebucht\">&nbsp;<\/td><td class=\" abcDayBooked\" title=\"Ausgebucht\">&nbsp;<\/td><td class=\" abcDayBooked abcCellBorderLeft\" title=\"Ausgebucht\">&nbsp;<\/td><td class=\" abcDayBooked\" title=\"Ausgebucht\">&nbsp;<\/td><td class=\" abcDayBooked abcCellBorderLeft\" title=\"Ausgebucht\">&nbsp;<\/td><td class=\" abcDayBooked\" title=\"Ausgebucht\">&nbsp;<\/td><td class=\" abcDayBooked abcCellBorderLeft\" title=\"Ausgebucht\">&nbsp;<\/td><td class=\" abcDayBooked\" title=\"Ausgebucht\">&nbsp;<\/td><td class=\" abcDayBooked abcCellBorderLeft\" title=\"Ausgebucht\">&nbsp;<\/td><td class=\" abcDayBooked\" title=\"Ausgebucht\">&nbsp;<\/td><td class=\" abcDayBooked abcCellBorderLeft\" title=\"Ausgebucht\">&nbsp;<\/td><td class=\" abcDayBooked\" title=\"Ausgebucht\">&nbsp;<\/td><td class=\" abcDayBooked abcCellBorderLeft\" title=\"Ausgebucht\">&nbsp;<\/td><td class=\" abcDayBooked\" title=\"Ausgebucht\">&nbsp;<\/td><td class=\" abcDayBooked abcCellBorderLeft\" title=\"Ausgebucht\">&nbsp;<\/td><td class=\" abcDayBooked\" title=\"Ausgebucht\">&nbsp;<\/td><td class=\" abcDayBooked abcCellBorderLeft\" title=\"Ausgebucht\">&nbsp;<\/td><td class=\" abcDayBooked\" title=\"Ausgebucht\">&nbsp;<\/td><td class=\" abcDayBooked abcCellBorderLeft\" title=\"Ausgebucht\">&nbsp;<\/td><td class=\" abcDayBooked\" title=\"Ausgebucht\">&nbsp;<\/td><td class=\" abcDayBooked abcCellBorderLeft\" title=\"Ausgebucht\">&nbsp;<\/td><td class=\" abcDayBooked\" title=\"Ausgebucht\">&nbsp;<\/td><td class=\" abcDayBooked abcCellBorderLeft\" title=\"Ausgebucht\">&nbsp;<\/td><td class=\" abcDayBooked\" title=\"Ausgebucht\">&nbsp;<\/td><td class=\" abcDayBooked abcCellBorderLeft\" title=\"Ausgebucht\">&nbsp;<\/td><td class=\" abcDayBooked\" title=\"Ausgebucht\">&nbsp;<\/td><td class=\" abcDayBooked abcCellBorderLeft\" title=\"Ausgebucht\">&nbsp;<\/td><td class=\" abcDayBooked\" title=\"Ausgebucht\">&nbsp;<\/td><td class=\" abcDayBooked abcCellBorderLeft\" title=\"Ausgebucht\">&nbsp;<\/td><td class=\" abcDayBooked\" title=\"Ausgebucht\">&nbsp;<\/td><td class=\" abcDayBooked abcCellBorderLeft\" title=\"Ausgebucht\">&nbsp;<\/td><td class=\" abcDayBooked\" title=\"Ausgebucht\">&nbsp;<\/td><td class=\" abcDayBooked abcCellBorderLeft\" title=\"Ausgebucht\">&nbsp;<\/td><td class=\" abcDayBooked\" title=\"Ausgebucht\">&nbsp;<\/td><\/tr><\/tbody>\n\t\t\t<\/table>\n\t\t<\/div>\n\t\t<\/div><!-- End Advanced Booking Calendar WordPress plugin: https:\/\/www.booking-calendar-plugin.com --><\/div>\n\n\n\n<p><\/p>\n","protected":false},"excerpt":{"rendered":"<p>35660 Corralejo, Calle Nuestra Se\u00f1ora del Pino 14<\/p>\n","protected":false},"author":1,"featured_media":0,"parent":0,"menu_order":0,"comment_status":"closed","ping_status":"closed","template":"","meta":{"footnotes":""},"class_list":["post-6","page","type-page","status-publish","hentry"],"_links":{"self":[{"href":"https:\/\/slars.firewall-gateway.com\/index.php?rest_route=\/wp\/v2\/pages\/6","targetHints":{"allow":["GET"]}}],"collection":[{"href":"https:\/\/slars.firewall-gateway.com\/index.php?rest_route=\/wp\/v2\/pages"}],"about":[{"href":"https:\/\/slars.firewall-gateway.com\/index.php?rest_route=\/wp\/v2\/types\/page"}],"author":[{"embeddable":true,"href":"https:\/\/slars.firewall-gateway.com\/index.php?rest_route=\/wp\/v2\/users\/1"}],"replies":[{"embeddable":true,"href":"https:\/\/slars.firewall-gateway.com\/index.php?rest_route=%2Fwp%2Fv2%2Fcomments&post=6"}],"version-history":[{"count":11,"href":"https:\/\/slars.firewall-gateway.com\/index.php?rest_route=\/wp\/v2\/pages\/6\/revisions"}],"predecessor-version":[{"id":213,"href":"https:\/\/slars.firewall-gateway.com\/index.php?rest_route=\/wp\/v2\/pages\/6\/revisions\/213"}],"wp:attachment":[{"href":"https:\/\/slars.firewall-gateway.com\/index.php?rest_route=%2Fwp%2Fv2%2Fmedia&parent=6"}],"curies":[{"name":"wp","href":"https:\/\/api.w.org\/{rel}","templated":true}]}}